{"id":156,"date":"2014-01-11T19:02:25","date_gmt":"2014-01-11T18:02:25","guid":{"rendered":"http:\/\/sarawan.dev\/?page_id=156"},"modified":"2025-10-29T17:04:02","modified_gmt":"2025-10-29T16:04:02","slug":"accueil","status":"publish","type":"page","link":"https:\/\/www.lesarawan.com\/en\/","title":{"rendered":"Home"},"content":{"rendered":"<div class=\"wp-block-group alignfull\"><div class=\"wp-block-group__inner-container is-layout-flow wp-block-group-is-layout-flow\">\n<h1 class=\"wp-block-heading alignwide has-text-align-center\">Welcome to the Sarawan<\/h1>\n\n\n\n<p class=\"has-text-align-center has-medium-font-size\">Located in the heart of Chinatown in Paris, the Sarawan is distinguished by its elegant setting and refined dishes prepared to order. Come taste and discover Chinese and Vietnamese cuisine, a change of scenery guaranteed!<\/p>\n\n\n\n<p class=\"has-text-align-center\">Sarawan welcomes you every day except Mondays, from noon to 2:30 p.m. and from 7 p.m. to 10:30 p.m.<\/p>\n\n\n\n<figure class=\"wp-block-image alignwide size-large\"><img data-recalc-dims=\"1\" loading=\"lazy\" decoding=\"async\" width=\"900\" height=\"506\" src=\"https:\/\/i0.wp.com\/www.lesarawan.com\/wp-content\/uploads\/2021\/06\/lesarawan5.jpeg?resize=900%2C506&#038;ssl=1\" alt=\"\" class=\"wp-image-468\" srcset=\"https:\/\/i0.wp.com\/www.lesarawan.com\/wp-content\/uploads\/2021\/06\/lesarawan5-scaled.jpeg?resize=1024%2C576&amp;ssl=1 1024w, https:\/\/i0.wp.com\/www.lesarawan.com\/wp-content\/uploads\/2021\/06\/lesarawan5-scaled.jpeg?resize=300%2C169&amp;ssl=1 300w, https:\/\/i0.wp.com\/www.lesarawan.com\/wp-content\/uploads\/2021\/06\/lesarawan5-scaled.jpeg?resize=768%2C432&amp;ssl=1 768w, https:\/\/i0.wp.com\/www.lesarawan.com\/wp-content\/uploads\/2021\/06\/lesarawan5-scaled.jpeg?resize=1536%2C864&amp;ssl=1 1536w, https:\/\/i0.wp.com\/www.lesarawan.com\/wp-content\/uploads\/2021\/06\/lesarawan5-scaled.jpeg?resize=2048%2C1152&amp;ssl=1 2048w, https:\/\/i0.wp.com\/www.lesarawan.com\/wp-content\/uploads\/2021\/06\/lesarawan5-scaled.jpeg?resize=16%2C9&amp;ssl=1 16w, https:\/\/i0.wp.com\/www.lesarawan.com\/wp-content\/uploads\/2021\/06\/lesarawan5-scaled.jpeg?resize=1568%2C882&amp;ssl=1 1568w, https:\/\/i0.wp.com\/www.lesarawan.com\/wp-content\/uploads\/2021\/06\/lesarawan5-scaled.jpeg?w=1800&amp;ssl=1 1800w\" sizes=\"auto, (max-width: 900px) 100vw, 900px\" \/><\/figure>\n<\/div><\/div>\n\n\n\n<div class=\"wp-block-group alignfull has-subtle-background-color has-background\"><div class=\"wp-block-group__inner-container is-layout-flow wp-block-group-is-layout-flow\">\n<div class=\"wp-block-media-text alignwide is-stacked-on-mobile tw-stack-md\" style=\"grid-template-columns:49% auto\"><figure class=\"wp-block-media-text__media\"><img data-recalc-dims=\"1\" loading=\"lazy\" decoding=\"async\" width=\"900\" height=\"600\" src=\"https:\/\/i0.wp.com\/www.lesarawan.com\/wp-content\/uploads\/2014\/03\/DSC00229.jpg?resize=900%2C600&#038;ssl=1\" alt=\"\" class=\"wp-image-377 size-full\" srcset=\"https:\/\/i0.wp.com\/www.lesarawan.com\/wp-content\/uploads\/2014\/03\/DSC00229.jpg?resize=1180%2C787&amp;ssl=1 1180w, https:\/\/i0.wp.com\/www.lesarawan.com\/wp-content\/uploads\/2014\/03\/DSC00229.jpg?resize=120%2C80&amp;ssl=1 120w, https:\/\/i0.wp.com\/www.lesarawan.com\/wp-content\/uploads\/2014\/03\/DSC00229.jpg?resize=750%2C500&amp;ssl=1 750w, https:\/\/i0.wp.com\/www.lesarawan.com\/wp-content\/uploads\/2014\/03\/DSC00229.jpg?resize=480%2C320&amp;ssl=1 480w, https:\/\/i0.wp.com\/www.lesarawan.com\/wp-content\/uploads\/2014\/03\/DSC00229.jpg?w=1800&amp;ssl=1 1800w\" sizes=\"auto, (max-width: 900px) 100vw, 900px\" \/><\/figure><div class=\"wp-block-media-text__content\">\n<h2 class=\"wp-block-heading\">Discount<\/h2>\n\n\n\n<p>Save 10% on take-out orders above 50\u20ac.<\/p>\n\n\n\n<p><a href=\"https:\/\/www.lesarawan.com\/en\/notre-carte\/\">See our menu<\/a><\/p>\n<\/div><\/div>\n\n\n\n<div class=\"wp-block-media-text alignwide has-media-on-the-right is-stacked-on-mobile tw-stack-md\" style=\"grid-template-columns:auto 49%\"><div class=\"wp-block-media-text__content\">\n<h2 class=\"wp-block-heading\">Book a table<\/h2>\n\n\n\n<p>To book a table or organize an event, you can use our online form and we will prepare your visit!<\/p>\n\n\n\n<p>We're looking forward to serve you!<\/p>\n\n\n\n<p><a href=\"https:\/\/www.lesarawan.com\/en\/reservation\/\">Book now<\/a><\/p>\n<\/div><figure class=\"wp-block-media-text__media\"><img data-recalc-dims=\"1\" loading=\"lazy\" decoding=\"async\" width=\"900\" height=\"506\" src=\"https:\/\/i0.wp.com\/www.lesarawan.com\/wp-content\/uploads\/2021\/06\/lesarawan6.jpeg?resize=900%2C506&#038;ssl=1\" alt=\"\" class=\"wp-image-473 size-full\" srcset=\"https:\/\/i0.wp.com\/www.lesarawan.com\/wp-content\/uploads\/2021\/06\/lesarawan6-scaled.jpeg?resize=1024%2C576&amp;ssl=1 1024w, https:\/\/i0.wp.com\/www.lesarawan.com\/wp-content\/uploads\/2021\/06\/lesarawan6-scaled.jpeg?resize=300%2C169&amp;ssl=1 300w, https:\/\/i0.wp.com\/www.lesarawan.com\/wp-content\/uploads\/2021\/06\/lesarawan6-scaled.jpeg?resize=768%2C432&amp;ssl=1 768w, https:\/\/i0.wp.com\/www.lesarawan.com\/wp-content\/uploads\/2021\/06\/lesarawan6-scaled.jpeg?resize=1536%2C864&amp;ssl=1 1536w, https:\/\/i0.wp.com\/www.lesarawan.com\/wp-content\/uploads\/2021\/06\/lesarawan6-scaled.jpeg?resize=2048%2C1152&amp;ssl=1 2048w, https:\/\/i0.wp.com\/www.lesarawan.com\/wp-content\/uploads\/2021\/06\/lesarawan6-scaled.jpeg?resize=16%2C9&amp;ssl=1 16w, https:\/\/i0.wp.com\/www.lesarawan.com\/wp-content\/uploads\/2021\/06\/lesarawan6-scaled.jpeg?resize=1568%2C882&amp;ssl=1 1568w, https:\/\/i0.wp.com\/www.lesarawan.com\/wp-content\/uploads\/2021\/06\/lesarawan6-scaled.jpeg?w=1800&amp;ssl=1 1800w\" sizes=\"auto, (max-width: 900px) 100vw, 900px\" \/><\/figure><\/div>\n<\/div><\/div>\n\n\n\n<p><\/p>","protected":false},"excerpt":{"rendered":"<p>Bienvenue au Sarawan Situ\u00e9 au coeur du quartier chinois \u00e0 Paris, le Sarawan se distingue par son cadre \u00e9l\u00e9gant et ses plats raffin\u00e9s pr\u00e9par\u00e9s \u00e0 la commande. Venez d\u00e9guster et d\u00e9couvrir les gastronomies chinoise et vietnamienne, d\u00e9paysement garanti ! Le Sarawan vous accueille tous les jours sauf le lundi, de midi \u00e0 14h30 et de&hellip; <a class=\"more-link\" href=\"https:\/\/www.lesarawan.com\/en\/\">Continue reading <span class=\"screen-reader-text\">Home<\/span><\/a><\/p>","protected":false},"author":1,"featured_media":0,"parent":0,"menu_order":0,"comment_status":"closed","ping_status":"closed","template":"tw-no-title.php","meta":{"_acf_changed":false,"footnotes":""},"class_list":["post-156","page","type-page","status-publish","hentry","entry"],"acf":[],"yoast_head":"<!-- This site is optimized with the Yoast SEO plugin v26.2 - https:\/\/yoast.com\/wordpress\/plugins\/seo\/ -->\n<title>Le Sarawan | Sp\u00e9cialit\u00e9s Chinoises et Vietnamiennes<\/title>\n<meta name=\"description\" content=\"Restaurant Le Sarawan situ\u00e9 au coeur du 13e arrondissement de Paris. Venez d\u00e9couvrir la gastronomie chinoise avec des menus \u00e0 partir de 16,50\u20ac !\" \/>\n<meta name=\"robots\" content=\"index, follow, max-snippet:-1, max-image-preview:large, max-video-preview:-1\" \/>\n<link rel=\"canonical\" href=\"https:\/\/www.lesarawan.com\/en\/\" \/>\n<meta property=\"og:locale\" content=\"en_US\" \/>\n<meta property=\"og:type\" content=\"article\" \/>\n<meta property=\"og:title\" content=\"Le Sarawan | Sp\u00e9cialit\u00e9s Chinoises et Vietnamiennes\" \/>\n<meta property=\"og:description\" content=\"Restaurant Le Sarawan situ\u00e9 au coeur du 13e arrondissement de Paris. Venez d\u00e9couvrir la gastronomie chinoise avec des menus \u00e0 partir de 16,50\u20ac !\" \/>\n<meta property=\"og:url\" content=\"https:\/\/www.lesarawan.com\/en\/\" \/>\n<meta property=\"og:site_name\" content=\"Le Sarawan\" \/>\n<meta property=\"article:modified_time\" content=\"2025-10-29T16:04:02+00:00\" \/>\n<meta property=\"og:image\" content=\"https:\/\/www.lesarawan.com\/wp-content\/uploads\/2021\/06\/lesarawan5-1024x576.jpeg\" \/>\n<meta name=\"twitter:label1\" content=\"Est. reading time\" \/>\n\t<meta name=\"twitter:data1\" content=\"2 minutes\" \/>\n<script type=\"application\/ld+json\" class=\"yoast-schema-graph\">{\"@context\":\"https:\/\/schema.org\",\"@graph\":[{\"@type\":\"WebPage\",\"@id\":\"https:\/\/www.lesarawan.com\/\",\"url\":\"https:\/\/www.lesarawan.com\/\",\"name\":\"Le Sarawan | Sp\u00e9cialit\u00e9s Chinoises et Vietnamiennes\",\"isPartOf\":{\"@id\":\"https:\/\/www.lesarawan.com\/#website\"},\"primaryImageOfPage\":{\"@id\":\"https:\/\/www.lesarawan.com\/#primaryimage\"},\"image\":{\"@id\":\"https:\/\/www.lesarawan.com\/#primaryimage\"},\"thumbnailUrl\":\"https:\/\/www.lesarawan.com\/wp-content\/uploads\/2021\/06\/lesarawan5-1024x576.jpeg\",\"datePublished\":\"2014-01-11T18:02:25+00:00\",\"dateModified\":\"2025-10-29T16:04:02+00:00\",\"description\":\"Restaurant Le Sarawan situ\u00e9 au coeur du 13e arrondissement de Paris. Venez d\u00e9couvrir la gastronomie chinoise avec des menus \u00e0 partir de 16,50\u20ac !\",\"inLanguage\":\"en-US\",\"potentialAction\":[{\"@type\":\"ReadAction\",\"target\":[\"https:\/\/www.lesarawan.com\/\"]}]},{\"@type\":\"ImageObject\",\"inLanguage\":\"en-US\",\"@id\":\"https:\/\/www.lesarawan.com\/#primaryimage\",\"url\":\"https:\/\/www.lesarawan.com\/wp-content\/uploads\/2021\/06\/lesarawan5-1024x576.jpeg\",\"contentUrl\":\"https:\/\/www.lesarawan.com\/wp-content\/uploads\/2021\/06\/lesarawan5-1024x576.jpeg\"},{\"@type\":\"WebSite\",\"@id\":\"https:\/\/www.lesarawan.com\/#website\",\"url\":\"https:\/\/www.lesarawan.com\/\",\"name\":\"Le Sarawan\",\"description\":\"Sp\u00e9cialit\u00e9s Chinoises et Vietnamiennes\",\"potentialAction\":[{\"@type\":\"SearchAction\",\"target\":{\"@type\":\"EntryPoint\",\"urlTemplate\":\"https:\/\/www.lesarawan.com\/?s={search_term_string}\"},\"query-input\":{\"@type\":\"PropertyValueSpecification\",\"valueRequired\":true,\"valueName\":\"search_term_string\"}}],\"inLanguage\":\"en-US\"}]}<\/script>\n<!-- \/ Yoast SEO plugin. -->","yoast_head_json":{"title":"Le Sarawan | Sp\u00e9cialit\u00e9s Chinoises et Vietnamiennes","description":"Restaurant Le Sarawan situ\u00e9 au coeur du 13e arrondissement de Paris. Venez d\u00e9couvrir la gastronomie chinoise avec des menus \u00e0 partir de 16,50\u20ac !","robots":{"index":"index","follow":"follow","max-snippet":"max-snippet:-1","max-image-preview":"max-image-preview:large","max-video-preview":"max-video-preview:-1"},"canonical":"https:\/\/www.lesarawan.com\/en\/","og_locale":"en_US","og_type":"article","og_title":"Le Sarawan | Sp\u00e9cialit\u00e9s Chinoises et Vietnamiennes","og_description":"Restaurant Le Sarawan situ\u00e9 au coeur du 13e arrondissement de Paris. Venez d\u00e9couvrir la gastronomie chinoise avec des menus \u00e0 partir de 16,50\u20ac !","og_url":"https:\/\/www.lesarawan.com\/en\/","og_site_name":"Le Sarawan","article_modified_time":"2025-10-29T16:04:02+00:00","og_image":[{"url":"https:\/\/www.lesarawan.com\/wp-content\/uploads\/2021\/06\/lesarawan5-1024x576.jpeg","type":"","width":"","height":""}],"twitter_misc":{"Est. reading time":"2 minutes"},"schema":{"@context":"https:\/\/schema.org","@graph":[{"@type":"WebPage","@id":"https:\/\/www.lesarawan.com\/","url":"https:\/\/www.lesarawan.com\/","name":"Le Sarawan | Sp\u00e9cialit\u00e9s Chinoises et Vietnamiennes","isPartOf":{"@id":"https:\/\/www.lesarawan.com\/#website"},"primaryImageOfPage":{"@id":"https:\/\/www.lesarawan.com\/#primaryimage"},"image":{"@id":"https:\/\/www.lesarawan.com\/#primaryimage"},"thumbnailUrl":"https:\/\/www.lesarawan.com\/wp-content\/uploads\/2021\/06\/lesarawan5-1024x576.jpeg","datePublished":"2014-01-11T18:02:25+00:00","dateModified":"2025-10-29T16:04:02+00:00","description":"Restaurant Le Sarawan situ\u00e9 au coeur du 13e arrondissement de Paris. Venez d\u00e9couvrir la gastronomie chinoise avec des menus \u00e0 partir de 16,50\u20ac !","inLanguage":"en-US","potentialAction":[{"@type":"ReadAction","target":["https:\/\/www.lesarawan.com\/"]}]},{"@type":"ImageObject","inLanguage":"en-US","@id":"https:\/\/www.lesarawan.com\/#primaryimage","url":"https:\/\/www.lesarawan.com\/wp-content\/uploads\/2021\/06\/lesarawan5-1024x576.jpeg","contentUrl":"https:\/\/www.lesarawan.com\/wp-content\/uploads\/2021\/06\/lesarawan5-1024x576.jpeg"},{"@type":"WebSite","@id":"https:\/\/www.lesarawan.com\/#website","url":"https:\/\/www.lesarawan.com\/","name":"Le Sarawan","description":"Sp\u00e9cialit\u00e9s Chinoises et Vietnamiennes","potentialAction":[{"@type":"SearchAction","target":{"@type":"EntryPoint","urlTemplate":"https:\/\/www.lesarawan.com\/?s={search_term_string}"},"query-input":{"@type":"PropertyValueSpecification","valueRequired":true,"valueName":"search_term_string"}}],"inLanguage":"en-US"}]}},"jetpack_sharing_enabled":true,"_links":{"self":[{"href":"https:\/\/www.lesarawan.com\/en\/wp-json\/wp\/v2\/pages\/156","targetHints":{"allow":["GET"]}}],"collection":[{"href":"https:\/\/www.lesarawan.com\/en\/wp-json\/wp\/v2\/pages"}],"about":[{"href":"https:\/\/www.lesarawan.com\/en\/wp-json\/wp\/v2\/types\/page"}],"author":[{"embeddable":true,"href":"https:\/\/www.lesarawan.com\/en\/wp-json\/wp\/v2\/users\/1"}],"replies":[{"embeddable":true,"href":"https:\/\/www.lesarawan.com\/en\/wp-json\/wp\/v2\/comments?post=156"}],"version-history":[{"count":15,"href":"https:\/\/www.lesarawan.com\/en\/wp-json\/wp\/v2\/pages\/156\/revisions"}],"predecessor-version":[{"id":609,"href":"https:\/\/www.lesarawan.com\/en\/wp-json\/wp\/v2\/pages\/156\/revisions\/609"}],"wp:attachment":[{"href":"https:\/\/www.lesarawan.com\/en\/wp-json\/wp\/v2\/media?parent=156"}],"curies":[{"name":"wp","href":"https:\/\/api.w.org\/{rel}","templated":true}]}}