{"id":160,"date":"2014-01-11T19:03:18","date_gmt":"2014-01-11T18:03:18","guid":{"rendered":"http:\/\/sarawan.dev\/?page_id=160"},"modified":"2021-10-03T20:28:26","modified_gmt":"2021-10-03T19:28:26","slug":"reservation","status":"publish","type":"page","link":"https:\/\/www.lesarawan.com\/en\/reservation\/","title":{"rendered":"Book a table"},"content":{"rendered":"<h1 class=\"has-text-align-center wp-block-heading\">Book a table<\/h1>\n\n\n<p>The restaurant has semi-private rooms, ideal for hosting your special events and business dinners.<\/p>\n<p>For bookings over 15 people or for special occasions, we advise you to come on site to organize your dinner together and perhaps develop a menu tailored to your needs.<\/p>\n<p>To book you can call us at&nbsp;<strong><em>01 45 86 25 11<\/em><\/strong>.<\/p>\n<p>Hoping to see you soon!<\/p>\n\n\n<div class=\"wp-block-group alignfull has-yellow-background-color has-background\"><div class=\"wp-block-group__inner-container is-layout-flow wp-block-group-is-layout-flow\">\n<iframe class=\"tfw-widget-iframe\" src=\"https:\/\/module.lafourchette.com\/fr_FR\/module\/72933-06df8\" style=\"margin: 0 auto; display: block;\"><\/iframe>\n<\/div><\/div>","protected":false},"excerpt":{"rendered":"<p>R\u00e9server une table Le restaurant dispose de salles id\u00e9ales pour accueillir vos \u00e9v\u00e9nements sp\u00e9ciaux et d\u00eeners d&rsquo;affaires. Pour les r\u00e9servations sup\u00e9rieures \u00e0 15 personnes ou pour des occasions sp\u00e9ciales, nous vous conseillons de venir sur place afin d&rsquo;organiser ensemble votre venue et peut-\u00eatre \u00e9laborer un menu adapt\u00e9 \u00e0 vos besoins. Pour r\u00e9server, vous pouvez nous&hellip; <a class=\"more-link\" href=\"https:\/\/www.lesarawan.com\/en\/reservation\/\">Continue reading <span class=\"screen-reader-text\">Book a table<\/span><\/a><\/p>","protected":false},"author":1,"featured_media":0,"parent":0,"menu_order":0,"comment_status":"closed","ping_status":"closed","template":"tw-no-title.php","meta":{"_acf_changed":false,"footnotes":""},"class_list":["post-160","page","type-page","status-publish","hentry","entry"],"acf":[],"yoast_head":"<!-- This site is optimized with the Yoast SEO plugin v26.2 - https:\/\/yoast.com\/wordpress\/plugins\/seo\/ -->\n<title>R\u00e9servation restaurant Sarawan<\/title>\n<meta name=\"description\" content=\"R\u00e9servation restaurant Sarawan en ligne !\" \/>\n<meta name=\"robots\" content=\"index, follow, max-snippet:-1, max-image-preview:large, max-video-preview:-1\" \/>\n<link rel=\"canonical\" href=\"https:\/\/www.lesarawan.com\/en\/reservation\/\" \/>\n<meta property=\"og:locale\" content=\"en_US\" \/>\n<meta property=\"og:type\" content=\"article\" \/>\n<meta property=\"og:title\" content=\"R\u00e9servation restaurant Sarawan\" \/>\n<meta property=\"og:description\" content=\"R\u00e9servation restaurant Sarawan en ligne !\" \/>\n<meta property=\"og:url\" content=\"https:\/\/www.lesarawan.com\/en\/reservation\/\" \/>\n<meta property=\"og:site_name\" content=\"Le Sarawan\" \/>\n<meta property=\"article:modified_time\" content=\"2021-10-03T19:28:26+00:00\" \/>\n<meta name=\"twitter:label1\" content=\"Est. reading time\" \/>\n\t<meta name=\"twitter:data1\" content=\"1 minute\" \/>\n<script type=\"application\/ld+json\" class=\"yoast-schema-graph\">{\"@context\":\"https:\/\/schema.org\",\"@graph\":[{\"@type\":\"WebPage\",\"@id\":\"https:\/\/www.lesarawan.com\/reservation\/\",\"url\":\"https:\/\/www.lesarawan.com\/reservation\/\",\"name\":\"R\u00e9servation restaurant Sarawan\",\"isPartOf\":{\"@id\":\"https:\/\/www.lesarawan.com\/#website\"},\"datePublished\":\"2014-01-11T18:03:18+00:00\",\"dateModified\":\"2021-10-03T19:28:26+00:00\",\"description\":\"R\u00e9servation restaurant Sarawan en ligne !\",\"inLanguage\":\"en-US\",\"potentialAction\":[{\"@type\":\"ReadAction\",\"target\":[\"https:\/\/www.lesarawan.com\/reservation\/\"]}]},{\"@type\":\"WebSite\",\"@id\":\"https:\/\/www.lesarawan.com\/#website\",\"url\":\"https:\/\/www.lesarawan.com\/\",\"name\":\"Le Sarawan\",\"description\":\"Sp\u00e9cialit\u00e9s Chinoises et Vietnamiennes\",\"potentialAction\":[{\"@type\":\"SearchAction\",\"target\":{\"@type\":\"EntryPoint\",\"urlTemplate\":\"https:\/\/www.lesarawan.com\/?s={search_term_string}\"},\"query-input\":{\"@type\":\"PropertyValueSpecification\",\"valueRequired\":true,\"valueName\":\"search_term_string\"}}],\"inLanguage\":\"en-US\"}]}<\/script>\n<!-- \/ Yoast SEO plugin. -->","yoast_head_json":{"title":"R\u00e9servation restaurant Sarawan","description":"R\u00e9servation restaurant Sarawan en ligne !","robots":{"index":"index","follow":"follow","max-snippet":"max-snippet:-1","max-image-preview":"max-image-preview:large","max-video-preview":"max-video-preview:-1"},"canonical":"https:\/\/www.lesarawan.com\/en\/reservation\/","og_locale":"en_US","og_type":"article","og_title":"R\u00e9servation restaurant Sarawan","og_description":"R\u00e9servation restaurant Sarawan en ligne !","og_url":"https:\/\/www.lesarawan.com\/en\/reservation\/","og_site_name":"Le Sarawan","article_modified_time":"2021-10-03T19:28:26+00:00","twitter_misc":{"Est. reading time":"1 minute"},"schema":{"@context":"https:\/\/schema.org","@graph":[{"@type":"WebPage","@id":"https:\/\/www.lesarawan.com\/reservation\/","url":"https:\/\/www.lesarawan.com\/reservation\/","name":"R\u00e9servation restaurant Sarawan","isPartOf":{"@id":"https:\/\/www.lesarawan.com\/#website"},"datePublished":"2014-01-11T18:03:18+00:00","dateModified":"2021-10-03T19:28:26+00:00","description":"R\u00e9servation restaurant Sarawan en ligne !","inLanguage":"en-US","potentialAction":[{"@type":"ReadAction","target":["https:\/\/www.lesarawan.com\/reservation\/"]}]},{"@type":"WebSite","@id":"https:\/\/www.lesarawan.com\/#website","url":"https:\/\/www.lesarawan.com\/","name":"Le Sarawan","description":"Sp\u00e9cialit\u00e9s Chinoises et Vietnamiennes","potentialAction":[{"@type":"SearchAction","target":{"@type":"EntryPoint","urlTemplate":"https:\/\/www.lesarawan.com\/?s={search_term_string}"},"query-input":{"@type":"PropertyValueSpecification","valueRequired":true,"valueName":"search_term_string"}}],"inLanguage":"en-US"}]}},"jetpack_sharing_enabled":true,"_links":{"self":[{"href":"https:\/\/www.lesarawan.com\/en\/wp-json\/wp\/v2\/pages\/160","targetHints":{"allow":["GET"]}}],"collection":[{"href":"https:\/\/www.lesarawan.com\/en\/wp-json\/wp\/v2\/pages"}],"about":[{"href":"https:\/\/www.lesarawan.com\/en\/wp-json\/wp\/v2\/types\/page"}],"author":[{"embeddable":true,"href":"https:\/\/www.lesarawan.com\/en\/wp-json\/wp\/v2\/users\/1"}],"replies":[{"embeddable":true,"href":"https:\/\/www.lesarawan.com\/en\/wp-json\/wp\/v2\/comments?post=160"}],"version-history":[{"count":16,"href":"https:\/\/www.lesarawan.com\/en\/wp-json\/wp\/v2\/pages\/160\/revisions"}],"predecessor-version":[{"id":544,"href":"https:\/\/www.lesarawan.com\/en\/wp-json\/wp\/v2\/pages\/160\/revisions\/544"}],"wp:attachment":[{"href":"https:\/\/www.lesarawan.com\/en\/wp-json\/wp\/v2\/media?parent=160"}],"curies":[{"name":"wp","href":"https:\/\/api.w.org\/{rel}","templated":true}]}}